{"id":216,"date":"2018-04-21T20:07:29","date_gmt":"2018-04-21T20:07:29","guid":{"rendered":"http:\/\/www.tehplan.si\/?page_id=216"},"modified":"2022-01-09T13:16:37","modified_gmt":"2022-01-09T12:16:37","slug":"lesena-embalaza-2","status":"publish","type":"page","link":"https:\/\/www.tehplan.si\/en\/","title":{"rendered":"Home"},"content":{"rendered":"<p><section  class=\"fw-main-row   awardthemes-elements section-css-16343763\" >\r\n\t<div class=\"container-fluid\">\t\t\r\n\t\t<div class=\"row\">\r\n\t\t\t<div class=\"col-md-12\">\r\n\t\t\t\t<div class=\"fw-row\">\n\t<div class=\"fw-col-xs-12 col-md-12\">\n\t\t<div class=\"row\">\r\n\t\t<div id=\"slider-section\" class=\"slider-section slider-section2 no-padding\">\r\n\t\t\t<div id=\"photo_slider\" class=\"carousel slide\" data-ride=\"carousel\">\r\n\t\t\t\t<ol class=\"carousel-indicators\">\r\n\t\t\t\t\t\t\t\t\t\t\t<li data-target=\"#photo_slider\" data-slide-to=\"0\"><\/li>\r\n\t\t\t\t\t\t\t\t\t\t\t\t<li data-target=\"#photo_slider\" data-slide-to=\"1\"><\/li>\r\n\t\t\t\t\t\t\t\t\t\t<\/ol>\r\n\t\t\t\t<div class=\"carousel-inner\" role=\"listbox\">\r\n\t\t\t\t\t\t\t\t\t\t\t<div class=\"item active\">\r\n\t\t\t\t\t\t\t<div class=\"carousel-caption\">\r\n\t\t\t\t\t\t\t\t<div class=\"container\">\r\n\t\t\t\t\t\t\t\t\t<div class=\"col-md-10 col-sm-10 col-xs-12\">\r\n\t\t\t\t\t\t\t\t\t\t<h2>LESENA EMBALA\u017dA<\/h2>\r\n\t\t\t\t\t\t\t\t\t\t<p>je nepogre\u0161ljiva pri transportu, in skladi\u0161\u010denju raznih izdelkov<\/p>\r\n\t\t\t\t\t\t\t\t\t\t\t\t\t\t\t\t\t\t\t<\/div>\r\n\t\t\t\t\t\t\t\t<\/div>\r\n\t\t\t\t\t\t\t<\/div>\r\n\t\t\t\t\t\t\t<img width=\"1920\" height=\"800\" src=\"https:\/\/www.tehplan.si\/wp-content\/uploads\/2018\/11\/tehplan_lesena_embala\u017ea.jpg\" class=\"attachment-full size-full\" alt=\"\" loading=\"lazy\" srcset=\"https:\/\/www.tehplan.si\/wp-content\/uploads\/2018\/11\/tehplan_lesena_embala\u017ea.jpg 1920w, https:\/\/www.tehplan.si\/wp-content\/uploads\/2018\/11\/tehplan_lesena_embala\u017ea-300x125.jpg 300w, https:\/\/www.tehplan.si\/wp-content\/uploads\/2018\/11\/tehplan_lesena_embala\u017ea-768x320.jpg 768w, https:\/\/www.tehplan.si\/wp-content\/uploads\/2018\/11\/tehplan_lesena_embala\u017ea-1024x427.jpg 1024w, https:\/\/www.tehplan.si\/wp-content\/uploads\/2018\/11\/tehplan_lesena_embala\u017ea-600x250.jpg 600w\" sizes=\"(max-width: 1920px) 100vw, 1920px\" \/>\t\t\t\t\t\t<\/div>\r\n\t\t\t\t\t\t\t\t\t\t\t\t<div class=\"item\">\r\n\t\t\t\t\t\t\t<div class=\"carousel-caption\">\r\n\t\t\t\t\t\t\t\t<div class=\"container\">\r\n\t\t\t\t\t\t\t\t\t<div class=\"col-md-10 col-sm-10 col-xs-12\">\r\n\t\t\t\t\t\t\t\t\t\t<h2>\u017dAGAN LES<\/h2>\r\n\t\t\t\t\t\t\t\t\t\t<p>Pri nas je les razrezan strokovno z dolgoletnimi izku\u0161njami s pomo\u010djo sodobne tehnologije.<\/p>\r\n\t\t\t\t\t\t\t\t\t\t\t\t\t\t\t\t\t\t\t<\/div>\r\n\t\t\t\t\t\t\t\t<\/div>\r\n\t\t\t\t\t\t\t<\/div>\r\n\t\t\t\t\t\t\t<img width=\"1920\" height=\"800\" src=\"https:\/\/www.tehplan.si\/wp-content\/uploads\/2018\/11\/tehplan_\u017eagan_les_.jpg\" class=\"attachment-full size-full\" alt=\"\" loading=\"lazy\" srcset=\"https:\/\/www.tehplan.si\/wp-content\/uploads\/2018\/11\/tehplan_\u017eagan_les_.jpg 1920w, https:\/\/www.tehplan.si\/wp-content\/uploads\/2018\/11\/tehplan_\u017eagan_les_-300x125.jpg 300w, https:\/\/www.tehplan.si\/wp-content\/uploads\/2018\/11\/tehplan_\u017eagan_les_-768x320.jpg 768w, https:\/\/www.tehplan.si\/wp-content\/uploads\/2018\/11\/tehplan_\u017eagan_les_-1024x427.jpg 1024w, https:\/\/www.tehplan.si\/wp-content\/uploads\/2018\/11\/tehplan_\u017eagan_les_-600x250.jpg 600w\" sizes=\"(max-width: 1920px) 100vw, 1920px\" \/>\t\t\t\t\t\t<\/div>\r\n\t\t\t\t\t\t\t\t\t\t<\/div>\r\n\t\t\t\t<a class=\"left carousel-control\" href=\"#photo_slider\" role=\"button\" data-slide=\"prev\">\r\n\t\t\t\t\t<span class=\"fa fa-angle-left\" aria-hidden=\"true\"><\/span>\r\n\t\t\t\t<\/a>\r\n\t\t\t\t<a class=\"right carousel-control\" href=\"#photo_slider\" role=\"button\" data-slide=\"next\">\r\n\t\t\t\t\t<span class=\"fa fa-angle-right\" aria-hidden=\"true\"><\/span>\r\n\t\t\t\t<\/a>\r\n\t\t\t<\/div>\t\t\r\n\t\t<\/div>\r\n\t<\/div><\/div>\n<\/div>\n\n\t\t\t<\/div>\r\n\t\t\t\t\t<\/div>\r\n\t<\/div>\t\r\n<\/section>\r\n<div class=\"clear\"><\/div><section  class=\"fw-main-row   awardthemes-elements section-css-662016170\" >\r\n\t<div class=\"container-fluid\">\t\t\r\n\t\t<div class=\"row\">\r\n\t\t\t<div class=\"col-md-12\">\r\n\t\t\t\t<div class=\"fw-row\">\n\t<div class=\"fw-col-xs-12 col-md-12\">\n\t\t<div class=\"\">\r\n\t\t<div class=\"why-choose-section2 container-fluid no-padding\">\r\n\t\t\t<div class=\"choose-section-padding\"><\/div>\r\n\t\t\t<!-- Container -->\r\n\t\t\t<div class=\"container animated fadeInDown\">\r\n\t\t\t\t<div class=\"col-md-7 col-sm-12 col-xs-12 no-padding pull-right\">\r\n\t\t\t\t\t<!-- Section Header -->\r\n\t\t\t\t\t<div class=\"section-header\">\r\n\t\t\t\t\t\t<h3>ZAKAJ IZBRATI NAS?<\/h3>\r\n\t\t\t\t\t\t<p><\/p>\r\n\t\t\t\t\t<\/div><!-- Section Header \/- -->\r\n\t\t\t\t\t<div class=\"why-choose-box col-md-4 col-sm-4 col-xs-4\">\r\n\t\t\t\t\t\t<i class=\"fa fa-user\"><\/i>\r\n\t\t\t\t\t\t<h6>Profesionalna ekipa<\/h6>\r\n\t\t\t\t\t\t<span>z dolgoletnimi izku\u0161njami<\/span>\r\n\t\t\t\t\t<\/div>\r\n\t\t\t\t\t<div class=\"why-choose-box col-md-4 col-sm-4 col-xs-4\">\r\n\t\t\t\t\t\t<i class=\"fa fa-connectdevelop\"><\/i>\r\n\t\t\t\t\t\t<h6>SVETOVANJE<\/h6>\r\n\t\t\t\t\t\t<span>na\u0161i strokovnjaki sodelujejo z vami<\/span>\r\n\t\t\t\t\t<\/div>\r\n\t\t\t\t\t<div class=\"why-choose-box col-md-4 col-sm-4 col-xs-4\">\r\n\t\t\t\t\t\t<i class=\"fa fa-briefcase\"><\/i>\r\n\t\t\t\t\t\t<h6>ZANESLJIV PARTNER<\/h6>\r\n\t\t\t\t\t\t<span>kvalitetni in cenovno ugodni izdelki<\/span>\r\n\t\t\t\t\t<\/div>\r\n\t\t\t\t\t<p><\/p>\r\n\t\t\t\t<\/div>\r\n\t\t\t<\/div><!-- Container -->\r\n\t\t\t<div class=\"choose-section-padding\"><\/div>\r\n\t\t\t<div class=\"why-choose-bg-img animated fadeInUp\">\r\n\t\t\t\t<img src=\"\/\/www.tehplan.si\/wp-content\/uploads\/2018\/04\/home-2-why-choose-bg.png\" width=\"564\" height=\"792\" alt=\"img\">\r\n\t\t\t<\/div>\r\n\t\t<\/div>\r\n\r\n\t<\/div><\/div>\n<\/div>\n\n\t\t\t<\/div>\r\n\t\t\t\t\t<\/div>\r\n\t<\/div>\t\r\n<\/section>\r\n<div class=\"clear\"><\/div><section  class=\"fw-main-row   awardthemes-elements section-css-1373700437   add_theme_support( 'responsive-embeds' );\" >\r\n\t<div class=\"container\">\t\t\r\n\t\t<div class=\"row\">\r\n\t\t\t<div class=\"col-md-12\">\r\n\t\t\t\t<div class=\"fw-row\">\n\t<div class=\"fw-col-xs-12 col-md-12\">\n\t\n<\/div>\n<\/div>\n\n<div class=\"fw-row\">\n\t<div class=\"fw-col-xs-12 col-md-12\">\n\t<p><iframe src=\"https:\/\/www.youtube.com\/embed\/v5DEa_vOzwY\" width=\"600\" height=\"500\" frameborder=\"0\" allowfullscreen=\"allowfullscreen\"><\/iframe><\/p><\/div>\n<\/div>\n\n<div class=\"fw-row\">\n\t<div class=\"fw-col-xs-12 col-md-12\">\n\t\n<\/div>\n<\/div>\n\n\t\t\t<\/div>\r\n\t\t\t\t\t<\/div>\r\n\t<\/div>\t\r\n<\/section>\r\n<div class=\"clear\"><\/div><\/p>","protected":false},"excerpt":{"rendered":"<p>LESENA EMBALA\u017dA je nepogre\u0161ljiva pri transportu, in skladi\u0161\u010denju raznih izdelkov \u017dAGAN LES Pri nas je les razrezan strokovno z dolgoletnimi izku\u0161njami s pomo\u010djo sodobne tehnologije. ZAKAJ IZBRATI NAS? Profesionalna ekipa z dolgoletnimi izku\u0161njami SVETOVANJE na\u0161i strokovnjaki sodelujejo z vami ZANESLJIV PARTNER kvalitetni in cenovno ugodni izdelki<\/p>","protected":false},"author":1,"featured_media":0,"parent":0,"menu_order":0,"comment_status":"closed","ping_status":"closed","template":"brizy-blank-template.php","meta":[],"_links":{"self":[{"href":"https:\/\/www.tehplan.si\/en\/wp-json\/wp\/v2\/pages\/216"}],"collection":[{"href":"https:\/\/www.tehplan.si\/en\/wp-json\/wp\/v2\/pages"}],"about":[{"href":"https:\/\/www.tehplan.si\/en\/wp-json\/wp\/v2\/types\/page"}],"author":[{"embeddable":true,"href":"https:\/\/www.tehplan.si\/en\/wp-json\/wp\/v2\/users\/1"}],"replies":[{"embeddable":true,"href":"https:\/\/www.tehplan.si\/en\/wp-json\/wp\/v2\/comments?post=216"}],"version-history":[{"count":89,"href":"https:\/\/www.tehplan.si\/en\/wp-json\/wp\/v2\/pages\/216\/revisions"}],"predecessor-version":[{"id":751,"href":"https:\/\/www.tehplan.si\/en\/wp-json\/wp\/v2\/pages\/216\/revisions\/751"}],"wp:attachment":[{"href":"https:\/\/www.tehplan.si\/en\/wp-json\/wp\/v2\/media?parent=216"}],"curies":[{"name":"wp","href":"https:\/\/api.w.org\/{rel}","templated":true}]}}