{"id":237,"date":"2018-04-21T20:56:42","date_gmt":"2018-04-21T20:56:42","guid":{"rendered":"http:\/\/www.tehplan.si\/?page_id=237"},"modified":"2018-11-26T08:09:16","modified_gmt":"2018-11-26T07:09:16","slug":"contact-us","status":"publish","type":"page","link":"https:\/\/www.tehplan.si\/en\/contact-us\/","title":{"rendered":"Contact Us"},"content":{"rendered":"<section  class=\"fw-main-row   awardthemes-elements section-css-1170060791\" >\r\n\t<div class=\"container\">\t\t\r\n\t\t<div class=\"row\">\r\n\t\t\t<div class=\"col-md-12\">\r\n\t\t\t\t<div class=\"fw-row\">\n\t<div class=\"fw-col-xs-12 col-md-12\">\n\t\t<!--Contact Info Wrap Start-->\n\t<div class=\"\">\n\t\t\n\t\t<div class=\"row contact-detail\">\n\t\t\t<div class=\"col-md-4 col-sm-4 col-xs-6\">\n\t\t\t\t<div class=\"contact-info\">\n\t\t\t\t\t<i class=\"icon icon-Pointer\"><\/i>\n\t\t\t\t\t<h5>Address<\/h5>\n\t\t\t\t\t<p>Gornji Doli\u010d 56,        2382 Mislinja<\/p>\n\t\t\t\t<\/div>\n\t\t\t<\/div>\n\t\t\t<div class=\"col-md-4 col-sm-4 col-xs-6\">\n\t\t\t\t<div class=\"contact-info\">\n\t\t\t\t\t<i class=\"icon icon-Phone2\"><\/i>\n\t\t\t\t\t<h5>Phone Address<\/h5>\n\t\t\t\t\t<a href=\"#\" title=\"+386 (2) 8857 170\">+386 (2) 8857 170<\/a>\n\t\t\t\t\t<a href=\"#\" title=\"+386 (2) 8857 175\">+386 (2) 8857 175<\/a>\n\t\t\t\t<\/div>\n\t\t\t<\/div>\n\t\t\t<div class=\"col-md-4 col-sm-4 col-xs-6\">\n\t\t\t\t<div class=\"contact-info\">\n\t\t\t\t\t<i class=\"icon icon-Mail\"><\/i>\n\t\t\t\t\t<h5>Contact Us<\/h5>\n\t\t\t\t\t<a href=\"mailto:tehplan@siol.net\" title=\"tehplan@siol.net\">tehplan@siol.net<\/a>\n\t\t\t\t\t<a href=\"mailto:fax: +386 (2) 8857 174\" title=\"fax: +386 (2) 8857 174\">fax: +386 (2) 8857 174<\/a>\n\t\t\t\t<\/div>\n\t\t\t<\/div>\n\t\t<\/div>\n\t<\/div>\n<\/div>\n<\/div>\n\n<div class=\"fw-row\">\n\t<div class=\"fw-col-xs-12 col-md-12\">\n\t\n\t<div class=\"fw-divider-space\" style=\"padding-top: 40px;\"><\/div>\n<\/div>\n<\/div>\n\n<div class=\"fw-row\">\n\t<div class=\"fw-col-xs-12 col-md-12\">\n\t\t<div class=\"awardthemes-simple-heading text-center\">\r\n\t\t\t\t\t<div id=\"awardthemes-heading-2\" class=\"section-header-2 section-header\">\r\n\t\t\t\t<h3>Send Us a Message<\/h3>\r\n\t\t\t\t<p> We Are Here For You<\/p>\r\n\t\t\t<\/div>\r\n\t\t\t\t<\/div><\/div>\n<\/div>\n\n<div class=\"fw-row\">\n\t<div class=\"fw-col-xs-12 col-md-12\">\n\t<p><div role=\"form\" class=\"wpcf7\" id=\"wpcf7-f217-o1\" lang=\"en-US\" dir=\"ltr\">\n<div class=\"screen-reader-response\"><p role=\"status\" aria-live=\"polite\" aria-atomic=\"true\"><\/p> <ul><\/ul><\/div>\n<form action=\"\/en\/wp-json\/wp\/v2\/pages\/237#wpcf7-f217-o1\" method=\"post\" class=\"wpcf7-form init\" novalidate=\"novalidate\" data-status=\"init\" data-trp-original-action=\"\/en\/wp-json\/wp\/v2\/pages\/237#wpcf7-f217-o1\">\n<div style=\"display: none;\">\n<input type=\"hidden\" name=\"_wpcf7\" value=\"217\" \/>\n<input type=\"hidden\" name=\"_wpcf7_version\" value=\"5.5.3\" \/>\n<input type=\"hidden\" name=\"_wpcf7_locale\" value=\"en_US\" \/>\n<input type=\"hidden\" name=\"_wpcf7_unit_tag\" value=\"wpcf7-f217-o1\" \/>\n<input type=\"hidden\" name=\"_wpcf7_container_post\" value=\"0\" \/>\n<input type=\"hidden\" name=\"_wpcf7_posted_data_hash\" value=\"\" \/>\n<input type=\"hidden\" name=\"_wpcf7_recaptcha_response\" value=\"\" \/>\n<\/div>\n<div class=\"col-md-12 contact-form no-padding\">\n<div class=\"col-md-6 col-sm-6 col-xs-12 form-group\">\n<span class=\"wpcf7-form-control-wrap contact-name\"><input type=\"text\" name=\"contact-name\" value=\"\" size=\"40\" class=\"wpcf7-form-control wpcf7-text wpcf7-validates-as-required form-control\" id=\"input_name\" aria-required=\"true\" aria-invalid=\"false\" placeholder=\"Name\" \/><\/span>\n<\/div>\n<div class=\"col-md-6 col-sm-6 col-xs-12 form-group\">\n<span class=\"wpcf7-form-control-wrap contact-email\"><input type=\"email\" name=\"contact-email\" value=\"\" size=\"40\" class=\"wpcf7-form-control wpcf7-text wpcf7-email wpcf7-validates-as-required wpcf7-validates-as-email form-control\" id=\"input_email\" aria-required=\"true\" aria-invalid=\"false\" placeholder=\"Va\u0161 e-naslov\" \/><\/span>\n<\/div>\n<div class=\"col-md-6 col-sm-6 col-xs-12 form-group\">\n<span class=\"wpcf7-form-control-wrap contact-phone\"><input type=\"text\" name=\"contact-phone\" value=\"\" size=\"40\" class=\"wpcf7-form-control wpcf7-text wpcf7-validates-as-required form-control\" id=\"input_phone\" aria-required=\"true\" aria-invalid=\"false\" placeholder=\"Phone Address\" \/><\/span>\n<\/div>\n<div class=\"col-md-6 col-sm-6 col-xs-12 form-group\">\n<span class=\"wpcf7-form-control-wrap contact-subject\"><input type=\"text\" name=\"contact-subject\" value=\"\" size=\"40\" class=\"wpcf7-form-control wpcf7-text wpcf7-validates-as-required form-control\" id=\"input_subject\" aria-required=\"true\" aria-invalid=\"false\" placeholder=\"Theme\" \/><\/span>\n<\/div>\n<div class=\"col-md-12 col-sm-12 col-xs-12 form-group\">\n<span class=\"wpcf7-form-control-wrap contact-message\"><textarea name=\"contact-message\" cols=\"40\" rows=\"10\" class=\"wpcf7-form-control wpcf7-textarea wpcf7-validates-as-required form-control\" id=\"textarea_message\" aria-required=\"true\" aria-invalid=\"false\" placeholder=\"Va\u0161e sporo\u010dilo\"><\/textarea><\/span>\n<\/div>\n<div class=\"col-md-12 col-sm-12 col-xs-12\">\n<div class=\"wpcf7-form-control-wrap\"><div data-sitekey=\"6LdA8pEUAAAAAKm24Z7Ga10WSRZ_qPg2uYCe5v1n\" class=\"wpcf7-form-control g-recaptcha wpcf7-recaptcha\"><\/div>\r\n<noscript>\r\n\t<div class=\"grecaptcha-noscript\">\r\n\t\t<iframe src=\"https:\/\/www.google.com\/recaptcha\/api\/fallback?k=6LdA8pEUAAAAAKm24Z7Ga10WSRZ_qPg2uYCe5v1n\" frameborder=\"0\" scrolling=\"no\" width=\"310\" height=\"430\">\r\n\t\t<\/iframe>\r\n\t\t<textarea name=\"g-recaptcha-response\" rows=\"3\" cols=\"40\" placeholder=\"reCaptcha Response Here\">\r\n\t\t<\/textarea>\r\n\t<\/div>\r\n<\/noscript>\r\n<\/div>\n<p><input type=\"submit\" value=\"Send\" class=\"wpcf7-form-control has-spinner wpcf7-submit\" id=\"btn_submit\" \/>\n<\/p><\/div>\n<div id=\"alert-msg\" class=\"alert-msg\"><\/div>\n<\/div>\n<div class=\"wpcf7-response-output\" aria-hidden=\"true\"><\/div><input type=\"hidden\" name=\"trp-form-language\" value=\"en\"\/><\/form><\/div><\/p><\/div>\n<\/div>\n\n<div class=\"fw-row\">\n\t<div class=\"fw-col-xs-12 col-md-12\">\n\t\n\t<div class=\"fw-divider-space\" style=\"padding-top: 70px;\"><\/div>\n<\/div>\n<\/div>\n\n\t\t\t<\/div>\r\n\t\t\t\t\t<\/div>\r\n\t<\/div>\t\r\n<\/section>\r\n<div class=\"clear\"><\/div>","protected":false},"excerpt":{"rendered":"<p>Naslov Gornji Doli\u010d 56, 2382 Mislinja Telefon +386 (2) 8857 170 +386 (2) 8857 175 Kontakt tehplan@siol.net fax: +386 (2) 8857 174 Po\u0161ljite nam sporo\u010dilo z veseljem smo Vam na uslugo<\/p>","protected":false},"author":1,"featured_media":0,"parent":0,"menu_order":0,"comment_status":"closed","ping_status":"closed","template":"","meta":[],"_links":{"self":[{"href":"https:\/\/www.tehplan.si\/en\/wp-json\/wp\/v2\/pages\/237"}],"collection":[{"href":"https:\/\/www.tehplan.si\/en\/wp-json\/wp\/v2\/pages"}],"about":[{"href":"https:\/\/www.tehplan.si\/en\/wp-json\/wp\/v2\/types\/page"}],"author":[{"embeddable":true,"href":"https:\/\/www.tehplan.si\/en\/wp-json\/wp\/v2\/users\/1"}],"replies":[{"embeddable":true,"href":"https:\/\/www.tehplan.si\/en\/wp-json\/wp\/v2\/comments?post=237"}],"version-history":[{"count":10,"href":"https:\/\/www.tehplan.si\/en\/wp-json\/wp\/v2\/pages\/237\/revisions"}],"predecessor-version":[{"id":556,"href":"https:\/\/www.tehplan.si\/en\/wp-json\/wp\/v2\/pages\/237\/revisions\/556"}],"wp:attachment":[{"href":"https:\/\/www.tehplan.si\/en\/wp-json\/wp\/v2\/media?parent=237"}],"curies":[{"name":"wp","href":"https:\/\/api.w.org\/{rel}","templated":true}]}}