{"id":456,"date":"2018-10-19T12:31:51","date_gmt":"2018-10-19T11:31:51","guid":{"rendered":"http:\/\/www.tehplan.si\/?page_id=456"},"modified":"2019-02-16T21:41:38","modified_gmt":"2019-02-16T20:41:38","slug":"lesena-embalaza","status":"publish","type":"page","link":"https:\/\/www.tehplan.si\/en\/lesena-embalaza\/","title":{"rendered":"Lesena embala\u017ea"},"content":{"rendered":"<section  class=\"fw-main-row   awardthemes-elements section-css-153483520\" >\r\n\t<div class=\"container\">\t\t\r\n\t\t<div class=\"row\">\r\n\t\t\t<div class=\"col-md-12\">\r\n\t\t\t\t<div class=\"fw-row\">\n\t<div class=\"fw-col-xs-12 col-md-12\">\n\t<h2>Lesena embala\u017ea<\/h2><p>Lesena embala\u017ea je nepogre\u0161ljiva pri transportu, in skladi\u0161\u010denju raznih izdelkov. Les kot material ima odli\u010dno razmerje med te\u017eo in \u010dvrstostjo Izdelujemo nepovratno embala\u017eo (palate,zaboji,vmesniki\u2026). Embala\u017ea je izdelana iz lesa iglavcev. Na zalogi imamo elemente raznih dimenzij suhe in termi\u010dno obdelane,tako,da lahko v zelo kratkem \u010dasu,zadovoljimo potrebe kupcev.<br \/>Zaradi kvalitetne izdelave in to\u010dnosti dobav smo dolgoletni dobavitelji doma\u010dim in tujim podjetjem.<\/p>\t<div class=\"fw-divider-line\"><hr\/><\/div>\n\n<\/div>\n<\/div>\n\n<div class=\"fw-row\">\n\t<div class=\"fw-col-xs-12 fw-col-md-6\">\n\t<ul><li>Palete raznih dimenzij<\/li><li>Nestandardna embala\u017ea<\/li><li>Leseni zaboji<\/li><li>Lesene palete ISPM-15<\/li><\/ul><\/div>\n<div class=\"fw-col-xs-12 fw-col-md-6\">\n\t<\/div>\n<\/div>\n\n<div class=\"fw-row\">\n\t<div class=\"fw-col-xs-12 col-md-12\">\n\t\n\t<div class=\"fw-divider-space\" style=\"padding-top: 50px;\"><\/div>\n<\/div>\n<\/div>\n\n<div class=\"fw-row\">\n\t<div class=\"fw-col-xs-12 fw-col-md-4 center\">\n\t<img src=\"https:\/\/www.tehplan.si\/wp-content\/uploads\/2019\/02\/IMG_4993-400x300.jpg\" alt=\"https:\/\/www.tehplan.si\/wp-content\/uploads\/2019\/02\/IMG_4993-400x300.jpg\" width=\"400\" height=\"300\" \/>\n\t<div class=\"fw-divider-space\" style=\"padding-top: 50px;\"><\/div>\n<\/div>\n<div class=\"fw-col-xs-12 fw-col-md-4\">\n\t<img src=\"https:\/\/www.tehplan.si\/wp-content\/uploads\/2019\/02\/IMG_4994-400x300.jpg\" alt=\"https:\/\/www.tehplan.si\/wp-content\/uploads\/2019\/02\/IMG_4994-400x300.jpg\" width=\"400\" height=\"300\" \/>\n\t<div class=\"fw-divider-space\" style=\"padding-top: 50px;\"><\/div>\n<\/div>\n<div class=\"fw-col-xs-12 fw-col-md-4\">\n\t<img src=\"https:\/\/www.tehplan.si\/wp-content\/uploads\/2019\/02\/IMG_4967-400x300.jpg\" alt=\"https:\/\/www.tehplan.si\/wp-content\/uploads\/2019\/02\/IMG_4967-400x300.jpg\" width=\"400\" height=\"300\" \/>\n\t<div class=\"fw-divider-space\" style=\"padding-top: 50px;\"><\/div>\n<\/div>\n<\/div>\n\n<div class=\"fw-row\">\n\t<div class=\"fw-col-xs-12 col-md-12\">\n\t\n\t<div class=\"fw-divider-space\" style=\"padding-top: 50px;\"><\/div>\n<\/div>\n<\/div>\n\n\t\t\t<\/div>\r\n\t\t\t\t\t<\/div>\r\n\t<\/div>\t\r\n<\/section>\r\n<div class=\"clear\"><\/div>","protected":false},"excerpt":{"rendered":"<p>Lesena embala\u017eaLesena embala\u017ea je nepogre\u0161ljiva pri transportu, in skladi\u0161\u010denju raznih izdelkov. Les kot material ima odli\u010dno razmerje med te\u017eo in \u010dvrstostjo Izdelujemo nepovratno embala\u017eo (palate,zaboji,vmesniki\u2026). Embala\u017ea je izdelana iz lesa iglavcev. Na zalogi imamo elemente raznih dimenzij suhe in termi\u010dno obdelane,tako,da lahko v zelo kratkem \u010dasu,zadovoljimo potrebe kupcev.Zaradi kvalitetne izdelave in to\u010dnosti dobav smo dolgoletni &hellip; <\/p>","protected":false},"author":1,"featured_media":0,"parent":0,"menu_order":0,"comment_status":"closed","ping_status":"closed","template":"","meta":[],"_links":{"self":[{"href":"https:\/\/www.tehplan.si\/en\/wp-json\/wp\/v2\/pages\/456"}],"collection":[{"href":"https:\/\/www.tehplan.si\/en\/wp-json\/wp\/v2\/pages"}],"about":[{"href":"https:\/\/www.tehplan.si\/en\/wp-json\/wp\/v2\/types\/page"}],"author":[{"embeddable":true,"href":"https:\/\/www.tehplan.si\/en\/wp-json\/wp\/v2\/users\/1"}],"replies":[{"embeddable":true,"href":"https:\/\/www.tehplan.si\/en\/wp-json\/wp\/v2\/comments?post=456"}],"version-history":[{"count":56,"href":"https:\/\/www.tehplan.si\/en\/wp-json\/wp\/v2\/pages\/456\/revisions"}],"predecessor-version":[{"id":630,"href":"https:\/\/www.tehplan.si\/en\/wp-json\/wp\/v2\/pages\/456\/revisions\/630"}],"wp:attachment":[{"href":"https:\/\/www.tehplan.si\/en\/wp-json\/wp\/v2\/media?parent=456"}],"curies":[{"name":"wp","href":"https:\/\/api.w.org\/{rel}","templated":true}]}}