{"id":522,"date":"2018-11-25T10:54:46","date_gmt":"2018-11-25T09:54:46","guid":{"rendered":"http:\/\/www.tehplan.si\/?page_id=522"},"modified":"2019-02-16T21:43:48","modified_gmt":"2019-02-16T20:43:48","slug":"zagan_les","status":"publish","type":"page","link":"https:\/\/www.tehplan.si\/en\/zagan_les\/","title":{"rendered":"\u017dagan les"},"content":{"rendered":"<section  class=\"fw-main-row   awardthemes-elements section-css-1787235906\" >\r\n\t<div class=\"container\">\t\t\r\n\t\t<div class=\"row\">\r\n\t\t\t<div class=\"col-md-12\">\r\n\t\t\t\t<div class=\"fw-row\">\n\t<div class=\"fw-col-xs-12 col-md-12\">\n\t<h2>\u017dagan les<\/h2><p>\u017dagamo smrekov les iz Koro\u0161kih gozdov, ki je znan po kvaliteti primern za gradnjo objektovin nepogre\u0161ljiv konstrukcijski material. Pri nas je les razrezan strokovno z dolgoletnimi izku\u0161njami s pomo\u010djo sodobne tehnologije.<\/p>\t<div class=\"fw-divider-line\"><hr\/><\/div>\n\n<\/div>\n<\/div>\n\n<div class=\"fw-row\">\n\t<div class=\"fw-col-xs-12 fw-col-md-6\">\n\t<h2>Konstrukcijski les za ostre\u0161ja<\/h2><p>Vrsta: smreka , jelka , bor,macesen<br \/>Preseki: 50 mm x 50-300 mm x 300 mm<br \/>Dol\u017eine: 3 m-12 m<br \/>Vlaga: sve\u017ee ali umetno posu\u0161eno<br \/>Namembnost: izdelava lesenih ostre\u0161ij in lesenih hi\u0161<\/p><h2>Letve<\/h2><p>Vrsta: smreka, jelka, bor, macesen<br \/>Preseki: 22 mm x 50-60 mm x 100 mm<br \/>Dol\u017eine: 3 m-5 m<br \/>Vlaga: sve\u017ee ali umetno posu\u0161eno<br \/>Namembnost: izdelava lesenih ostre\u0161ij in lesenih hi\u0161<\/p><\/div>\n<div class=\"fw-col-xs-12 fw-col-md-6\">\n\t<h2>Deske<\/h2><p>Vrsta: smreka , jelka , bor,macesen<br \/>Debeline: 18-22 mm<br \/>Dol\u017eine: 3 m-5 m<br \/>Vlaga: sve\u017ee ali umetno posu\u0161eno<br \/>Namembnost: izdelava lesenih ostre\u0161ij in lesenih hi\u0161<\/p><h2>\u017daganje elementov za palete<\/h2><p>.....tekst?<\/p><\/div>\n<\/div>\n\n<div class=\"fw-row\">\n\t<div class=\"fw-col-xs-12 col-md-12\">\n\t\n\t<div class=\"fw-divider-space\" style=\"padding-top: 50px;\"><\/div>\n<\/div>\n<\/div>\n\n<div class=\"fw-row\">\n\t<div class=\"fw-col-xs-12 fw-col-md-4\">\n\t<img src=\"https:\/\/www.tehplan.si\/wp-content\/uploads\/2019\/02\/\u017dagan-les-Tehplan-9-1-400x300.jpg\" alt=\"https:\/\/www.tehplan.si\/wp-content\/uploads\/2019\/02\/\u017dagan-les-Tehplan-9-1-400x300.jpg\" width=\"400\" height=\"300\" \/>\n\t<div class=\"fw-divider-space\" style=\"padding-top: 50px;\"><\/div>\n<img src=\"https:\/\/www.tehplan.si\/wp-content\/uploads\/2019\/02\/\u017dagan-les-Tehplan-6-400x300.jpg\" alt=\"https:\/\/www.tehplan.si\/wp-content\/uploads\/2019\/02\/\u017dagan-les-Tehplan-6-400x300.jpg\" width=\"400\" height=\"300\" \/>\n\t<div class=\"fw-divider-space\" style=\"padding-top: 50px;\"><\/div>\n<img src=\"https:\/\/www.tehplan.si\/wp-content\/uploads\/2019\/02\/\u017dagan-les-Tehplan-3-400x300.jpg\" alt=\"https:\/\/www.tehplan.si\/wp-content\/uploads\/2019\/02\/\u017dagan-les-Tehplan-3-400x300.jpg\" width=\"400\" height=\"300\" \/>\n\t<div class=\"fw-divider-space\" style=\"padding-top: 50px;\"><\/div>\n<\/div>\n<div class=\"fw-col-xs-12 fw-col-md-4\">\n\t<img src=\"https:\/\/www.tehplan.si\/wp-content\/uploads\/2019\/02\/\u017dagan-les-Tehplan-8-400x300.jpg\" alt=\"https:\/\/www.tehplan.si\/wp-content\/uploads\/2019\/02\/\u017dagan-les-Tehplan-8-400x300.jpg\" width=\"400\" height=\"300\" \/>\n\t<div class=\"fw-divider-space\" style=\"padding-top: 50px;\"><\/div>\n<img src=\"https:\/\/www.tehplan.si\/wp-content\/uploads\/2019\/02\/\u017dagan-les-Tehplan-5-400x300.jpg\" alt=\"https:\/\/www.tehplan.si\/wp-content\/uploads\/2019\/02\/\u017dagan-les-Tehplan-5-400x300.jpg\" width=\"400\" height=\"300\" \/>\n\t<div class=\"fw-divider-space\" style=\"padding-top: 50px;\"><\/div>\n<img src=\"https:\/\/www.tehplan.si\/wp-content\/uploads\/2019\/02\/\u017dagan-les-Tehplan-2-400x300.jpg\" alt=\"https:\/\/www.tehplan.si\/wp-content\/uploads\/2019\/02\/\u017dagan-les-Tehplan-2-400x300.jpg\" width=\"400\" height=\"300\" \/>\n\t<div class=\"fw-divider-space\" style=\"padding-top: 50px;\"><\/div>\n<\/div>\n<div class=\"fw-col-xs-12 fw-col-md-4\">\n\t<img src=\"https:\/\/www.tehplan.si\/wp-content\/uploads\/2019\/02\/\u017dagan-les-Tehplan-7-400x300.jpg\" alt=\"https:\/\/www.tehplan.si\/wp-content\/uploads\/2019\/02\/\u017dagan-les-Tehplan-7-400x300.jpg\" width=\"400\" height=\"300\" \/>\n\t<div class=\"fw-divider-space\" style=\"padding-top: 50px;\"><\/div>\n<img src=\"https:\/\/www.tehplan.si\/wp-content\/uploads\/2019\/02\/\u017dagan-les-Tehplan-4-400x300.jpg\" alt=\"https:\/\/www.tehplan.si\/wp-content\/uploads\/2019\/02\/\u017dagan-les-Tehplan-4-400x300.jpg\" width=\"400\" height=\"300\" \/>\n\t<div class=\"fw-divider-space\" style=\"padding-top: 50px;\"><\/div>\n<img src=\"https:\/\/www.tehplan.si\/wp-content\/uploads\/2019\/02\/\u017dagan-les-Tehplan-1-400x300.jpg\" alt=\"https:\/\/www.tehplan.si\/wp-content\/uploads\/2019\/02\/\u017dagan-les-Tehplan-1-400x300.jpg\" width=\"400\" height=\"300\" \/>\n\t<div class=\"fw-divider-space\" style=\"padding-top: 50px;\"><\/div>\n<\/div>\n<\/div>\n\n\t\t\t<\/div>\r\n\t\t\t\t\t<\/div>\r\n\t<\/div>\t\r\n<\/section>\r\n<div class=\"clear\"><\/div>","protected":false},"excerpt":{"rendered":"<p>\u017dagan les\u017dagamo smrekov les iz Koro\u0161kih gozdov, ki je znan po kvaliteti primern za gradnjo objektovin nepogre\u0161ljiv konstrukcijski material. Pri nas je les razrezan strokovno z dolgoletnimi izku\u0161njami s pomo\u010djo sodobne tehnologije. Konstrukcijski les za ostre\u0161jaVrsta: smreka , jelka , bor,macesenPreseki: 50 mm x 50-300 mm x 300 mmDol\u017eine: 3 m-12 mVlaga: sve\u017ee ali umetno &hellip; <\/p>","protected":false},"author":1,"featured_media":0,"parent":0,"menu_order":0,"comment_status":"closed","ping_status":"closed","template":"","meta":[],"_links":{"self":[{"href":"https:\/\/www.tehplan.si\/en\/wp-json\/wp\/v2\/pages\/522"}],"collection":[{"href":"https:\/\/www.tehplan.si\/en\/wp-json\/wp\/v2\/pages"}],"about":[{"href":"https:\/\/www.tehplan.si\/en\/wp-json\/wp\/v2\/types\/page"}],"author":[{"embeddable":true,"href":"https:\/\/www.tehplan.si\/en\/wp-json\/wp\/v2\/users\/1"}],"replies":[{"embeddable":true,"href":"https:\/\/www.tehplan.si\/en\/wp-json\/wp\/v2\/comments?post=522"}],"version-history":[{"count":24,"href":"https:\/\/www.tehplan.si\/en\/wp-json\/wp\/v2\/pages\/522\/revisions"}],"predecessor-version":[{"id":631,"href":"https:\/\/www.tehplan.si\/en\/wp-json\/wp\/v2\/pages\/522\/revisions\/631"}],"wp:attachment":[{"href":"https:\/\/www.tehplan.si\/en\/wp-json\/wp\/v2\/media?parent=522"}],"curies":[{"name":"wp","href":"https:\/\/api.w.org\/{rel}","templated":true}]}}