{"id":527,"date":"2018-11-25T10:56:33","date_gmt":"2018-11-25T09:56:33","guid":{"rendered":"http:\/\/www.tehplan.si\/?page_id=527"},"modified":"2019-02-16T21:55:24","modified_gmt":"2019-02-16T20:55:24","slug":"impregniranje-lesa","status":"publish","type":"page","link":"https:\/\/www.tehplan.si\/en\/impregniranje-lesa\/","title":{"rendered":"Impregniranje lesa"},"content":{"rendered":"<section  class=\"fw-main-row   awardthemes-elements section-css-1645081190\" >\r\n\t<div class=\"container\">\t\t\r\n\t\t<div class=\"row\">\r\n\t\t\t<div class=\"col-md-12\">\r\n\t\t\t\t<div class=\"fw-row\">\n\t<div class=\"fw-col-xs-12 col-md-12\">\n\t<h2>Impregniranje lesa<\/h2><p>Za manj izpostavljen les na prostem (npr. ostre\u0161ja, napu\u0161\u010di, lesene obloge pod streho) obi\u010dajno zado\u0161\u010da za\u0161\u010dita lesa s \u0161kropljenjem oziroma brizganjem za\u0161\u010ditnega sredstva na les. Za bolj izpostavljen les (npr. fasadne obloge, vrtne ograje, itd.) priporo\u010damo namakanje lesa v za\u0161\u010ditno sredstvo v posebnih koritih (npr. lesenih, oblo\u017eenih s folijo) ali bazenih, pri katerem prodre za\u0161\u010ditno sredstvo nekaj milimetrov globoko v les.<\/p><p>Prav tako morajo biti za\u0161\u010diteni tudi vsi leseni deli, kjer obstaja mo\u017enost visoke zra\u010dne vla\u017enosti (npr. kleti), nezgodnih dogodkov (npr. napake pri gradnji lesenih konstrukcij in hi\u0161 s posledico kondenzacije vodne pare, izlivi vodnih in\u0161talacij...) ali izpostavljenosti prekomernemu navla\u017eevanju<\/p><p>Proces za\u0161\u010dite lesa z namakanje v bazenu se tako uporablja pri za\u0161\u010diti lesa, ki ni neposredno in stalno v stiku z zemljo. V ta sklop spadajo:<\/p><ul><li>vse vrste lesenih ograj, ki niso v neposrednem stiku z zemljo<\/li><li>letve in deske pri stre\u0161ni konstrukciji<\/li><li>vse vrste pokritih lesenih konstrukcij<\/li><\/ul>\n\t<div class=\"fw-divider-space\" style=\"padding-top: 50px;\"><\/div>\n<\/div>\n<\/div>\n\n<div class=\"fw-row\">\n\t<div class=\"fw-col-xs-12 fw-col-md-4\">\n\t<img src=\"https:\/\/www.tehplan.si\/wp-content\/uploads\/2019\/02\/IMG_1928-400x300.jpg\" alt=\"https:\/\/www.tehplan.si\/wp-content\/uploads\/2019\/02\/IMG_1928-400x300.jpg\" width=\"400\" height=\"300\" \/>\n\t<div class=\"fw-divider-space\" style=\"padding-top: 50px;\"><\/div>\n<\/div>\n<div class=\"fw-col-xs-12 fw-col-md-4\">\n\t<img src=\"https:\/\/www.tehplan.si\/wp-content\/uploads\/2019\/02\/IMG_1936-400x300.jpg\" alt=\"https:\/\/www.tehplan.si\/wp-content\/uploads\/2019\/02\/IMG_1936-400x300.jpg\" width=\"400\" height=\"300\" \/>\n\t<div class=\"fw-divider-space\" style=\"padding-top: 50px;\"><\/div>\n<\/div>\n<div class=\"fw-col-xs-12 fw-col-md-4\">\n\t<img src=\"https:\/\/www.tehplan.si\/wp-content\/uploads\/2019\/02\/IMG_1937-400x300.jpg\" alt=\"https:\/\/www.tehplan.si\/wp-content\/uploads\/2019\/02\/IMG_1937-400x300.jpg\" width=\"400\" height=\"300\" \/>\n\t<div class=\"fw-divider-space\" style=\"padding-top: 50px;\"><\/div>\n<\/div>\n<\/div>\n\n\t\t\t<\/div>\r\n\t\t\t\t\t<\/div>\r\n\t<\/div>\t\r\n<\/section>\r\n<div class=\"clear\"><\/div>","protected":false},"excerpt":{"rendered":"<p>Impregniranje lesaZa manj izpostavljen les na prostem (npr. ostre\u0161ja, napu\u0161\u010di, lesene obloge pod streho) obi\u010dajno zado\u0161\u010da za\u0161\u010dita lesa s \u0161kropljenjem oziroma brizganjem za\u0161\u010ditnega sredstva na les. Za bolj izpostavljen les (npr. fasadne obloge, vrtne ograje, itd.) priporo\u010damo namakanje lesa v za\u0161\u010ditno sredstvo v posebnih koritih (npr. lesenih, oblo\u017eenih s folijo) ali bazenih, pri katerem prodre &hellip; <\/p>","protected":false},"author":1,"featured_media":0,"parent":0,"menu_order":0,"comment_status":"closed","ping_status":"closed","template":"","meta":[],"_links":{"self":[{"href":"https:\/\/www.tehplan.si\/en\/wp-json\/wp\/v2\/pages\/527"}],"collection":[{"href":"https:\/\/www.tehplan.si\/en\/wp-json\/wp\/v2\/pages"}],"about":[{"href":"https:\/\/www.tehplan.si\/en\/wp-json\/wp\/v2\/types\/page"}],"author":[{"embeddable":true,"href":"https:\/\/www.tehplan.si\/en\/wp-json\/wp\/v2\/users\/1"}],"replies":[{"embeddable":true,"href":"https:\/\/www.tehplan.si\/en\/wp-json\/wp\/v2\/comments?post=527"}],"version-history":[{"count":6,"href":"https:\/\/www.tehplan.si\/en\/wp-json\/wp\/v2\/pages\/527\/revisions"}],"predecessor-version":[{"id":636,"href":"https:\/\/www.tehplan.si\/en\/wp-json\/wp\/v2\/pages\/527\/revisions\/636"}],"wp:attachment":[{"href":"https:\/\/www.tehplan.si\/en\/wp-json\/wp\/v2\/media?parent=527"}],"curies":[{"name":"wp","href":"https:\/\/api.w.org\/{rel}","templated":true}]}}