{"id":540,"date":"2018-11-25T11:19:44","date_gmt":"2018-11-25T10:19:44","guid":{"rendered":"http:\/\/www.tehplan.si\/?page_id=540"},"modified":"2019-02-16T22:05:15","modified_gmt":"2019-02-16T21:05:15","slug":"termicna-obdelava-ispm-15","status":"publish","type":"page","link":"https:\/\/www.tehplan.si\/en\/termicna-obdelava-ispm-15\/","title":{"rendered":"Termi\u010dna obdelava ISPM \u2013 15"},"content":{"rendered":"<section  class=\"fw-main-row   awardthemes-elements section-css-2104632154\" >\r\n\t<div class=\"container\">\t\t\r\n\t\t<div class=\"row\">\r\n\t\t\t<div class=\"col-md-12\">\r\n\t\t\t\t<div class=\"fw-row\">\n\t<div class=\"fw-col-xs-12 col-md-12\">\n\t<h2>Termi\u010dna obdelava ISPM \u2013 15<\/h2><p>Na\u0161e podjetje je poobla\u0161\u010deno za termi\u010dno obdelavo lesa.<br \/>Mednarodni standard ISPM15 za leseno embala\u017eo dolo\u010da minimalne standarde, ki prepre\u010duje prenos bolezni in zajedalcev v leseni embala\u017ei v mednarodnem prometu. S postopkom segrevanja embala\u017ee na 55\u00b0C najmanj pol ure v sredici najdebelej\u0161ega kosa lesa uni\u010dimo morebitne \u0161kodljivce v lesu, embala\u017ea pa je s tem postopkom ekolo\u0161ko neopore\u010dna.<\/p><p>&nbsp;<\/p><\/div>\n<\/div>\n\n<div class=\"fw-row\">\n\t<div class=\"fw-col-xs-12 col-md-12\">\n\t\n\t<div class=\"fw-divider-space\" style=\"padding-top: 50px;\"><\/div>\n<\/div>\n<\/div>\n\n<div class=\"fw-row\">\n\t<div class=\"fw-col-xs-12 fw-col-md-4\">\n\t<img src=\"https:\/\/www.tehplan.si\/wp-content\/uploads\/2019\/02\/Termi\u010dna-obdelava-Tehplan-1-300x400.jpg\" alt=\"https:\/\/www.tehplan.si\/wp-content\/uploads\/2019\/02\/Termi\u010dna-obdelava-Tehplan-1-300x400.jpg\" width=\"300\" height=\"400\" \/>\n\t<div class=\"fw-divider-space\" style=\"padding-top: 50px;\"><\/div>\n<img src=\"https:\/\/www.tehplan.si\/wp-content\/uploads\/2019\/02\/Termi\u010dna-obdelava-Tehplan-1-1-400x300.jpg\" alt=\"https:\/\/www.tehplan.si\/wp-content\/uploads\/2019\/02\/Termi\u010dna-obdelava-Tehplan-1-1-400x300.jpg\" width=\"400\" height=\"300\" \/><\/div>\n<div class=\"fw-col-xs-12 fw-col-md-4\">\n\t<img src=\"https:\/\/www.tehplan.si\/wp-content\/uploads\/2019\/02\/Termi\u010dna-obdelava-Tehplan-2-300x400.jpg\" alt=\"https:\/\/www.tehplan.si\/wp-content\/uploads\/2019\/02\/Termi\u010dna-obdelava-Tehplan-2-300x400.jpg\" width=\"300\" height=\"400\" \/><\/div>\n<div class=\"fw-col-xs-12 fw-col-md-4\">\n\t<img src=\"https:\/\/www.tehplan.si\/wp-content\/uploads\/2019\/02\/Termi\u010dna-obdelava-Tehplan-3-300x400.jpg\" alt=\"https:\/\/www.tehplan.si\/wp-content\/uploads\/2019\/02\/Termi\u010dna-obdelava-Tehplan-3-300x400.jpg\" width=\"300\" height=\"400\" \/><\/div>\n<\/div>\n\n<div class=\"fw-row\">\n\t<div class=\"fw-col-xs-12 col-md-12\">\n\t\n\t<div class=\"fw-divider-space\" style=\"padding-top: 50px;\"><\/div>\n<\/div>\n<\/div>\n\n\t\t\t<\/div>\r\n\t\t\t\t\t<\/div>\r\n\t<\/div>\t\r\n<\/section>\r\n<div class=\"clear\"><\/div>","protected":false},"excerpt":{"rendered":"<p>Termi\u010dna obdelava ISPM \u2013 15Na\u0161e podjetje je poobla\u0161\u010deno za termi\u010dno obdelavo lesa.Mednarodni standard ISPM15 za leseno embala\u017eo dolo\u010da minimalne standarde, ki prepre\u010duje prenos bolezni in zajedalcev v leseni embala\u017ei v mednarodnem prometu. S postopkom segrevanja embala\u017ee na 55\u00b0C najmanj pol ure v sredici najdebelej\u0161ega kosa lesa uni\u010dimo morebitne \u0161kodljivce v lesu, embala\u017ea pa je s &hellip; <\/p>","protected":false},"author":1,"featured_media":0,"parent":0,"menu_order":0,"comment_status":"closed","ping_status":"closed","template":"","meta":[],"_links":{"self":[{"href":"https:\/\/www.tehplan.si\/en\/wp-json\/wp\/v2\/pages\/540"}],"collection":[{"href":"https:\/\/www.tehplan.si\/en\/wp-json\/wp\/v2\/pages"}],"about":[{"href":"https:\/\/www.tehplan.si\/en\/wp-json\/wp\/v2\/types\/page"}],"author":[{"embeddable":true,"href":"https:\/\/www.tehplan.si\/en\/wp-json\/wp\/v2\/users\/1"}],"replies":[{"embeddable":true,"href":"https:\/\/www.tehplan.si\/en\/wp-json\/wp\/v2\/comments?post=540"}],"version-history":[{"count":7,"href":"https:\/\/www.tehplan.si\/en\/wp-json\/wp\/v2\/pages\/540\/revisions"}],"predecessor-version":[{"id":649,"href":"https:\/\/www.tehplan.si\/en\/wp-json\/wp\/v2\/pages\/540\/revisions\/649"}],"wp:attachment":[{"href":"https:\/\/www.tehplan.si\/en\/wp-json\/wp\/v2\/media?parent=540"}],"curies":[{"name":"wp","href":"https:\/\/api.w.org\/{rel}","templated":true}]}}