{"id":697,"date":"2019-07-18T11:44:47","date_gmt":"2019-07-18T09:44:47","guid":{"rendered":"http:\/\/www.tehplan.si\/?page_id=697"},"modified":"2025-02-25T19:48:14","modified_gmt":"2025-02-25T18:48:14","slug":"program-razvoja-podezelja","status":"publish","type":"page","link":"https:\/\/www.tehplan.si\/en\/program-razvoja-podezelja\/","title":{"rendered":"Program razvoja pode\u017eelja"},"content":{"rendered":"<section  class=\"fw-main-row   awardthemes-elements section-css-1740233430\" >\r\n\t<div class=\"container\">\t\t\r\n\t\t<div class=\"row\">\r\n\t\t\t<div class=\"col-md-12\">\r\n\t\t\t\t<div class=\"fw-row\">\n\t<div class=\"fw-col-xs-12 col-md-12\">\n\t<h2>Leto 2022<\/h2><p><strong>Naziv aktivnosti<\/strong><\/p><p>Za nakup Avtomatske lupilne linije in teleskopskega nakladalnika je Tehplan d.o.o. prejel sredstva iz naslova operacije \u00bbPodpora za nalo\u017ebe v gozdarske tehnologije ter predelavo, mobilizacijo in tr\u017eenje gozdnih proizvodov\u00a0( Podukrep \u0161t. M08.6B_05b_2 \u00bbnamenjen gospodarskim dru\u017ebam, zadrugam in samostojnim podjetnikom posameznikom ter skupinam proizvajalcev s podro\u010dja gozdarstva za zahtevne nalo\u017ebe\u00ab iz Programa razvoja pode\u017eelja Republike Slovenije 2014\u20132020.<\/p><p><strong>Povzetek<\/strong><\/p><p>Podjetje Tehplan d.o.o. je pridobilo finan\u010dno pomo\u010d iz naslova podukrep M08.6. \u00bbPodpora za nalo\u017ebe v gozdarske tehnologije ter predelavo, mobilizacijo in tr\u017eenje gozdnih proizvodov PRP 2014-2020\u00ab. Samo lupilna linja nam ponuja mo\u017enost stabilnega procesa in dvig produktivnosti pri razrezu hlodovine v na\u0161i proizvodnji. Teleskopski nakladalnik olaj\u0161a manipulacijo hlodovine in lesne biomase, kar se odra\u017ea v ergonomiji delovnega mesta in dvigu storilnosti.<\/p><p><strong>Glavne dejavnosti<\/strong><\/p><p>Podjetje je usmerjeno v \u017eaganje lesa, izdelavo lesene embala\u017ee in termi\u010dno obdelavo lesa. S sodobnimi tehnologijami zagotavljamo produktivno in ergonomsko delavno okolje, kot tudi kakovostne izdelke, ki jih ponujamo na doma\u010dem in tujem trgu.<\/p><p><strong>Cilji<\/strong><\/p><p>Cilj nalo\u017ebe v Avtomatsko lupilno linijo in teleskopski nakladalnik je, izbolj\u0161ati konkuren\u010dni polo\u017eaj podjetja v lesni industriji. Tehnolo\u0161ki napredek nam omogo\u010da vi\u0161anje produktivnosti in je hkrati osnova za kakovost in konkuren\u010dnost na\u0161ih izdelkov.<\/p><p><strong>Pri\u010dakovani rezultati<\/strong><\/p><ul><li>Zaposlitev dveh dodatnih delavcev<\/li><li>Ve\u010dji delovni u\u010dinki<\/li><\/ul>\n\t<div class=\"fw-divider-space\" style=\"padding-top: 50px;\"><\/div>\n\t<div class=\"fw-divider-line\"><hr\/><\/div>\n\n<h2>Leto 2019<\/h2><p><strong>Naziv aktivnosti<\/strong><\/p><p>Za nakup dvoosnega kro\u017enega \u017eagalnega stroja in linije za robljenje desk in razrez prizm z optimalizacijo je Tehplan d.o.o. prejel sredstva iz naslova operacije \u00bbPodpora za nalo\u017ebe v gozdarske tehnologije ter predelavo, mobilizacijo in tr\u017eenje gozdnih proizvodov\u00a0( Podukrep \u0161t. M08.6 \u00bbOperacija nalo\u017ebe v pred industrijsko predelavo lesa iz PRP 2014-2020\u00ab iz Programa razvoja pode\u017eelja Republike Slovenije 2014\u20132020.<\/p><p><strong>Povzetek<\/strong><\/p><p>Podjetje Tehplan d.o.o. je pridobilo finan\u010dno pomo\u010d iz naslova podukrepa M08.6. \u00bbOperacija nalo\u017ebe v pred industrijsko predelavo lesa iz PRP 2014-2020\u00ab.Z \u017eagalno linijo za razrez drobne hlodovine bomo izvajali razrez hlodovine tanj\u0161ih premerov, ki je primeren za tramove, opa\u017ee, brune, embala\u017eni les. Z nakupom \u017eagalne linije za razrez drobne hlodovine in linije za razrez prizm smo se odlo\u010dili z namenom raz\u0161iritve proizvodnega programa in pove\u010danje u\u010dinkovitosti.<\/p><p><strong>Glavne dejavnosti<\/strong><\/p><p>Podjetje je usmerjeno v \u017eaganje lesa, izdelavo \u00a0lesene embala\u017ee,\u00a0 z impregniranjem lesa in termi\u010dno obdelavo lesa. S sodobnimi tehnologijami posku\u0161amo \u010dim bolj u\u010dinkovito razrezati les razli\u010dnih dimenzij ter se prilagoditi zahtevam kupcev doma in v tujini.<\/p><p><strong>Cilji<\/strong><\/p><p>Cilj nalo\u017ebe je z nakupom dvoosnega kro\u017enega \u017eagalnega stroja in linije za robljenje desk in razrez prizm izbolj\u0161ati konkuren\u010dni polo\u017eaj podjetja v lesni industriji ter s tem omogo\u010diti dolgoro\u010dni obstoj podjetja in izbolj\u0161ati u\u010dinkovitost ter zmogljivost proizvodnega procesa.<\/p><p><strong>Pri\u010dakovani rezultati<\/strong><\/p><ul><li>Zaposlitev novega delavca<\/li><li>Ve\u010dji delovni u\u010dinki<\/li><\/ul><p>&nbsp;<\/p><p><strong>Povezave<\/strong><\/p><p>Spletna stran evropske komisije<strong>:\u00a0\u00a0<em>\u00a0<\/em><\/strong><strong><em><a href=\"http:\/\/ec.europa.eu\/agriculture\/rural-development-2014-2020\/index_sl.htm\">http:\/\/ec.europa.eu\/agriculture\/rural-development-2014-2020\/index_sl.htm<\/a><\/em><\/strong><\/p><p>Spletna stran programa razvoja pode\u017eelja:<strong>\u00a0<i><a href=\"http:\/\/www.program-podezelja.si\/\">www.program-podezelja.si\/<\/a><\/i><\/strong><\/p>\t<div class=\"fw-divider-line\"><hr\/><\/div>\n\n<a href=\"https:\/\/www.program-podezelja.si\/sl\/\" target=\"_blank\" ><img src=\"\/\/www.tehplan.si\/wp-content\/uploads\/2019\/07\/PRP-EU-SLO-barvni.jpg\" alt=\"\/\/www.tehplan.si\/wp-content\/uploads\/2019\/07\/PRP-EU-SLO-barvni.jpg\" \/><\/a><\/div>\n<\/div>\n\n\t\t\t<\/div>\r\n\t\t\t\t\t<\/div>\r\n\t<\/div>\t\r\n<\/section>\r\n<div class=\"clear\"><\/div>","protected":false},"excerpt":{"rendered":"<p>Leto 2022Naziv aktivnostiZa nakup Avtomatske lupilne linije in teleskopskega nakladalnika je Tehplan d.o.o. prejel sredstva iz naslova operacije \u00bbPodpora za nalo\u017ebe v gozdarske tehnologije ter predelavo, mobilizacijo in tr\u017eenje gozdnih proizvodov\u00a0( Podukrep \u0161t. M08.6B_05b_2 \u00bbnamenjen gospodarskim dru\u017ebam, zadrugam in samostojnim podjetnikom posameznikom ter skupinam proizvajalcev s podro\u010dja gozdarstva za zahtevne nalo\u017ebe\u00ab iz Programa razvoja pode\u017eelja &hellip; <\/p>","protected":false},"author":1,"featured_media":0,"parent":0,"menu_order":0,"comment_status":"closed","ping_status":"closed","template":"","meta":[],"_links":{"self":[{"href":"https:\/\/www.tehplan.si\/en\/wp-json\/wp\/v2\/pages\/697"}],"collection":[{"href":"https:\/\/www.tehplan.si\/en\/wp-json\/wp\/v2\/pages"}],"about":[{"href":"https:\/\/www.tehplan.si\/en\/wp-json\/wp\/v2\/types\/page"}],"author":[{"embeddable":true,"href":"https:\/\/www.tehplan.si\/en\/wp-json\/wp\/v2\/users\/1"}],"replies":[{"embeddable":true,"href":"https:\/\/www.tehplan.si\/en\/wp-json\/wp\/v2\/comments?post=697"}],"version-history":[{"count":11,"href":"https:\/\/www.tehplan.si\/en\/wp-json\/wp\/v2\/pages\/697\/revisions"}],"predecessor-version":[{"id":769,"href":"https:\/\/www.tehplan.si\/en\/wp-json\/wp\/v2\/pages\/697\/revisions\/769"}],"wp:attachment":[{"href":"https:\/\/www.tehplan.si\/en\/wp-json\/wp\/v2\/media?parent=697"}],"curies":[{"name":"wp","href":"https:\/\/api.w.org\/{rel}","templated":true}]}}